{"id":156,"date":"2023-12-19T18:40:40","date_gmt":"2023-12-19T18:40:40","guid":{"rendered":"https:\/\/1000caguamas.com\/tienda\/?post_type=product&#038;p=156"},"modified":"2025-11-21T21:10:45","modified_gmt":"2025-11-21T21:10:45","slug":"short-verde","status":"publish","type":"product","link":"https:\/\/1000caguamas.com\/tienda\/producto\/short-verde\/","title":{"rendered":"Boardshorts verde obscuro con gr\u00e1fico de tortugas. Con bolsas laterales, cintura ajustable y de secado r\u00e1pido."},"content":{"rendered":"","protected":false},"excerpt":{"rendered":"<p>Ninguna colecci\u00f3n playera-caguamera esta completa sin su indumentaria para visitar las aguas del mar. Tecnolog\u00eda y estilo para\u00a0tu\u00a0comodidad.<\/p>\n<p>100% poli\u00e9ster.<\/p>\n","protected":false},"featured_media":203,"template":"","meta":{"_acf_changed":false},"product_cat":[27,28,25],"product_tag":[],"class_list":{"0":"post-156","1":"product","2":"type-product","3":"status-publish","4":"has-post-thumbnail","6":"product_cat-shorts","7":"product_cat-home","8":"product_cat-ofertas","10":"first","11":"instock","12":"taxable","13":"shipping-taxable","14":"purchasable","15":"product-type-variable"},"acf":[],"_links":{"self":[{"href":"https:\/\/1000caguamas.com\/tienda\/wp-json\/wp\/v2\/product\/156","targetHints":{"allow":["GET"]}}],"collection":[{"href":"https:\/\/1000caguamas.com\/tienda\/wp-json\/wp\/v2\/product"}],"about":[{"href":"https:\/\/1000caguamas.com\/tienda\/wp-json\/wp\/v2\/types\/product"}],"wp:featuredmedia":[{"embeddable":true,"href":"https:\/\/1000caguamas.com\/tienda\/wp-json\/wp\/v2\/media\/203"}],"wp:attachment":[{"href":"https:\/\/1000caguamas.com\/tienda\/wp-json\/wp\/v2\/media?parent=156"}],"wp:term":[{"taxonomy":"product_cat","embeddable":true,"href":"https:\/\/1000caguamas.com\/tienda\/wp-json\/wp\/v2\/product_cat?post=156"},{"taxonomy":"product_tag","embeddable":true,"href":"https:\/\/1000caguamas.com\/tienda\/wp-json\/wp\/v2\/product_tag?post=156"}],"curies":[{"name":"wp","href":"https:\/\/api.w.org\/{rel}","templated":true}]}}