{"id":243,"date":"2024-07-12T23:11:55","date_gmt":"2024-07-12T23:11:55","guid":{"rendered":"https:\/\/1000caguamas.com\/tienda\/producto\/playera-blanca-copy\/"},"modified":"2025-11-12T19:37:40","modified_gmt":"2025-11-12T19:37:40","slug":"playera-verde","status":"publish","type":"product","link":"https:\/\/1000caguamas.com\/tienda\/producto\/playera-verde\/","title":{"rendered":"Playera cuello redondo color verde deslavado con logo 1000 Caguamas al frente y frase al reverso"},"content":{"rendered":"","protected":false},"excerpt":{"rendered":"<p>\u00a1Ll\u00e9vela, ll\u00e9vela! La playera caguamera oficial para cuidar a las tortugas \u00a1Ll\u00e9vela, ll\u00e9vela! Elija su dise\u00f1o favorito y disfrute de un corte cool y bien a gusto.<\/p>\n<p>100% algod\u00f3n<\/p>\n","protected":false},"featured_media":244,"template":"","meta":{"_acf_changed":false},"product_cat":[29,28],"product_tag":[],"class_list":{"0":"post-243","1":"product","2":"type-product","3":"status-publish","4":"has-post-thumbnail","6":"product_cat-playeras","7":"product_cat-home","9":"first","10":"instock","11":"taxable","12":"shipping-taxable","13":"purchasable","14":"product-type-variable"},"acf":[],"_links":{"self":[{"href":"https:\/\/1000caguamas.com\/tienda\/wp-json\/wp\/v2\/product\/243","targetHints":{"allow":["GET"]}}],"collection":[{"href":"https:\/\/1000caguamas.com\/tienda\/wp-json\/wp\/v2\/product"}],"about":[{"href":"https:\/\/1000caguamas.com\/tienda\/wp-json\/wp\/v2\/types\/product"}],"wp:featuredmedia":[{"embeddable":true,"href":"https:\/\/1000caguamas.com\/tienda\/wp-json\/wp\/v2\/media\/244"}],"wp:attachment":[{"href":"https:\/\/1000caguamas.com\/tienda\/wp-json\/wp\/v2\/media?parent=243"}],"wp:term":[{"taxonomy":"product_cat","embeddable":true,"href":"https:\/\/1000caguamas.com\/tienda\/wp-json\/wp\/v2\/product_cat?post=243"},{"taxonomy":"product_tag","embeddable":true,"href":"https:\/\/1000caguamas.com\/tienda\/wp-json\/wp\/v2\/product_tag?post=243"}],"curies":[{"name":"wp","href":"https:\/\/api.w.org\/{rel}","templated":true}]}}