{"id":252,"date":"2024-07-12T23:14:40","date_gmt":"2024-07-12T23:14:40","guid":{"rendered":"https:\/\/1000caguamas.com\/tienda\/producto\/playera-verde-copy\/"},"modified":"2025-11-21T21:03:25","modified_gmt":"2025-11-21T21:03:25","slug":"playera-verde-don-caguamo","status":"publish","type":"product","link":"https:\/\/1000caguamas.com\/tienda\/producto\/playera-verde-don-caguamo\/","title":{"rendered":"Playera cuello redondo color verde deslavado con logo Don Caguamo"},"content":{"rendered":"","protected":false},"excerpt":{"rendered":"<p>\u00a1Ll\u00e9vela, ll\u00e9vela! La playera caguamera oficial para cuidar a las tortugas \u00a1Ll\u00e9vela, ll\u00e9vela! Elija su dise\u00f1o favorito y disfrute de un corte cool y bien a gusto.<\/p>\n<p>100% algod\u00f3n (Exclusivo para Don Caguamos)<\/p>\n","protected":false},"featured_media":253,"template":"","meta":{"_acf_changed":false},"product_cat":[29,28],"product_tag":[],"class_list":{"0":"post-252","1":"product","2":"type-product","3":"status-publish","4":"has-post-thumbnail","6":"product_cat-playeras","7":"product_cat-home","9":"first","10":"instock","11":"taxable","12":"shipping-taxable","13":"purchasable","14":"product-type-variable"},"acf":[],"_links":{"self":[{"href":"https:\/\/1000caguamas.com\/tienda\/wp-json\/wp\/v2\/product\/252","targetHints":{"allow":["GET"]}}],"collection":[{"href":"https:\/\/1000caguamas.com\/tienda\/wp-json\/wp\/v2\/product"}],"about":[{"href":"https:\/\/1000caguamas.com\/tienda\/wp-json\/wp\/v2\/types\/product"}],"wp:featuredmedia":[{"embeddable":true,"href":"https:\/\/1000caguamas.com\/tienda\/wp-json\/wp\/v2\/media\/253"}],"wp:attachment":[{"href":"https:\/\/1000caguamas.com\/tienda\/wp-json\/wp\/v2\/media?parent=252"}],"wp:term":[{"taxonomy":"product_cat","embeddable":true,"href":"https:\/\/1000caguamas.com\/tienda\/wp-json\/wp\/v2\/product_cat?post=252"},{"taxonomy":"product_tag","embeddable":true,"href":"https:\/\/1000caguamas.com\/tienda\/wp-json\/wp\/v2\/product_tag?post=252"}],"curies":[{"name":"wp","href":"https:\/\/api.w.org\/{rel}","templated":true}]}}